{"id":8,"date":"2025-10-16T11:25:47","date_gmt":"2025-10-16T09:25:47","guid":{"rendered":"https:\/\/lenus.site\/mappacittaeducante\/?page_id=8"},"modified":"2025-10-22T17:59:13","modified_gmt":"2025-10-22T15:59:13","slug":"progetto","status":"publish","type":"page","link":"https:\/\/lenus.site\/mappascuoleaperte\/progetto\/","title":{"rendered":"Progetto"},"content":{"rendered":"<div class=\"wpb-content-wrapper\"><p>[vc_row full_width=&#8221;stretch_row&#8221; el_id=&#8221;introduzione&#8221;][vc_column width=&#8221;1\/6&#8243;][\/vc_column][vc_column width=&#8221;2\/3&#8243;][vc_row_inner][vc_column_inner][vc_column_text css=&#8221;&#8221;]<\/p>\n<h2 style=\"text-align: center;\">PROGETTO<\/h2>\n<p>[\/vc_column_text][\/vc_column_inner][\/vc_row_inner][\/vc_column][vc_column width=&#8221;1\/6&#8243;][\/vc_column][\/vc_row][vc_row full_width=&#8221;stretch_row&#8221; full_height=&#8221;yes&#8221; el_id=&#8221;mappa_iniziative&#8221;][vc_column width=&#8221;1\/6&#8243;][\/vc_column][vc_column width=&#8221;2\/3&#8243;][vc_column_text css=&#8221;&#8221;]<\/p>\n<div style=\"text-align: justify;\">\n<p>Ogni anno veder crescere la Mappa della Citt\u00e0 Educante \u00e8 una grande emozione.<\/p>\n<p>Questo prezioso atlante di opportunit\u00e0 \u2013 tutte gratuite e di altissimo valore educativo \u2013 \u00e8 cresciuto insieme alla citt\u00e0, arricchendosi del contributo delle pi\u00f9 autorevoli istituzioni culturali e sociali di Roma.<br \/>\nOggi, giunta alla sua quarta edizione, la Mappa si presenta come un volume ampio e vivo, che racconta un\u2019alleanza, una complicit\u00e0 tra la scuola, il mondo della cultura e della conoscenza e, naturalmente, Roma Capitale.<br \/>\n\u00c8 il cammino per la costruzione di una citt\u00e0 educante, che vuole partecipare all\u2019educazione dei pi\u00f9 piccoli e contemporaneamente si vuole far trasformare dalle bambine e dai bambini, dalle ragazze e dai ragazzi.<\/p>\n<p>Edizione dopo edizione, abbiamo assistito a un crescendo di collaborazioni, di progetti condivisi, di partecipazioni generose. Un risultato tutt\u2019altro che scontato e che ci riempie di orgoglio,\u00a0perch\u00e9 nasce dal desiderio, coltivato da tutti i protagonisti di questa avventura, di essere parte della pi\u00f9 potente impresa collettiva: la crescita e l\u2019educazione delle generazioni pi\u00f9 giovani. E per loro tramite, contribuire a trasformare il mondo in un posto migliore.<\/p>\n<p>Se oggi questo libro \u00e8 diventato patrimonio della citt\u00e0, lo dobbiamo a questo lavoro corale e<br \/>\nappassionato. E ora siamo pronti a compiere un nuovo passo avanti: la digitalizzazione della Mappa. Stiamo infatti lavorando a un sito dedicato, in grado di accogliere e raccontare le centinaia di progettualit\u00e0 che ogni anno si moltiplicano, sempre pi\u00f9 belle, ricche e inclusive. Uno spazio accessibile, semplice da navigare, pensato per offrire a ragazze e ragazzi, a bambine e bambini, a tutte\u00a0le romane e i romani, una porta aperta sulle opportunit\u00e0 educative della citt\u00e0.<\/p>\n<p>La Mappa \u00e8, dunque, in un continuo divenire. Aumenta di volume e calca nuovi territori, a breve quello digitale, con l\u2019ambizione di arrivare sempre pi\u00f9 lontano.<\/p><\/div>\n<p>[\/vc_column_text][vc_column_text css=&#8221;&#8221;]<\/p>\n<p style=\"text-align: right;\"><strong>Claudia Pratelli<\/strong><br \/>\nAssessora alla Scuola, Formazione e Lavoro<\/p>\n<p>[\/vc_column_text][vc_empty_space][\/vc_column][vc_column width=&#8221;1\/6&#8243;][\/vc_column][\/vc_row]<\/p>\n<\/div>","protected":false},"excerpt":{"rendered":"[vc_row full_width=&#8221;stretch_row&#8221; el_id=&#8221;introduzione&#8221;][vc_column width=&#8221;1\/6&#8243;][\/vc_column][vc_column width=&#8221;2\/3&#8243;][vc_row_inner][vc_column_inner][vc_column_text css=&#8221;&#8221;] PROGETTO [\/vc_column_text][\/vc_column_inner][\/vc_row_inner][\/vc_column][vc_column width=&#8221;1\/6&#8243;][\/vc_column][\/vc_row][vc_row full_width=&#8221;stretch_row&#8221; full_height=&#8221;yes&#8221; el_id=&#8221;mappa_iniziative&#8221;][vc_column width=&#8221;1\/6&#8243;][\/vc_column][vc_column width=&#8221;2\/3&#8243;][vc_column_text css=&#8221;&#8221;] Ogni anno veder crescere la [&hellip;]","protected":false},"author":1,"featured_media":0,"parent":0,"menu_order":0,"comment_status":"closed","ping_status":"closed","template":"","meta":{"_acf_changed":false,"inline_featured_image":false,"site-sidebar-layout":"no-sidebar","site-content-layout":"plain-container","ast-site-content-layout":"default","site-content-style":"default","site-sidebar-style":"default","ast-global-header-display":"","ast-banner-title-visibility":"","ast-main-header-display":"","ast-hfb-above-header-display":"","ast-hfb-below-header-display":"","ast-hfb-mobile-header-display":"","site-post-title":"disabled","ast-breadcrumbs-content":"","ast-featured-img":"disabled","footer-sml-layout":"","ast-disable-related-posts":"","theme-transparent-header-meta":"default","adv-header-id-meta":"","stick-header-meta":"","header-above-stick-meta":"","header-main-stick-meta":"","header-below-stick-meta":"","astra-migrate-meta-layouts":"set","ast-page-background-enabled":"default","ast-page-background-meta":{"desktop":{"background-color":"var(--ast-global-color-5)","background-image":"","background-repeat":"repeat","background-position":"center center","background-size":"auto","background-attachment":"scroll","background-type":"","background-media":"","overlay-type":"","overlay-color":"","overlay-opacity":"","overlay-gradient":""},"tablet":{"background-color":"","background-image":"","background-repeat":"repeat","background-position":"center center","background-size":"auto","background-attachment":"scroll","background-type":"","background-media":"","overlay-type":"","overlay-color":"","overlay-opacity":"","overlay-gradient":""},"mobile":{"background-color":"","background-image":"","background-repeat":"repeat","background-position":"center center","background-size":"auto","background-attachment":"scroll","background-type":"","background-media":"","overlay-type":"","overlay-color":"","overlay-opacity":"","overlay-gradient":""}},"ast-content-background-meta":{"desktop":{"background-color":"var(--ast-global-color-4)","background-image":"","background-repeat":"repeat","background-position":"center center","background-size":"auto","background-attachment":"scroll","background-type":"","background-media":"","overlay-type":"","overlay-color":"","overlay-opacity":"","overlay-gradient":""},"tablet":{"background-color":"var(--ast-global-color-4)","background-image":"","background-repeat":"repeat","background-position":"center center","background-size":"auto","background-attachment":"scroll","background-type":"","background-media":"","overlay-type":"","overlay-color":"","overlay-opacity":"","overlay-gradient":""},"mobile":{"background-color":"var(--ast-global-color-4)","background-image":"","background-repeat":"repeat","background-position":"center center","background-size":"auto","background-attachment":"scroll","background-type":"","background-media":"","overlay-type":"","overlay-color":"","overlay-opacity":"","overlay-gradient":""}},"footnotes":""},"class_list":["post-8","page","type-page","status-publish","hentry"],"acf":[],"yoast_head":"<!-- This site is optimized with the Yoast SEO plugin v27.6 - https:\/\/yoast.com\/product\/yoast-seo-wordpress\/ -->\n<title>Progetto - Scuole Aperte<\/title>\n<meta name=\"robots\" content=\"index, follow, max-snippet:-1, max-image-preview:large, max-video-preview:-1\" \/>\n<link rel=\"canonical\" href=\"https:\/\/lenus.site\/mappascuoleaperte\/progetto\/\" \/>\n<meta property=\"og:locale\" content=\"it_IT\" \/>\n<meta property=\"og:type\" content=\"article\" \/>\n<meta property=\"og:title\" content=\"Progetto - Scuole Aperte\" \/>\n<meta property=\"og:description\" content=\"[vc_row full_width=&#8221;stretch_row&#8221; el_id=&#8221;introduzione&#8221;][vc_column width=&#8221;1\/6&#8243;][\/vc_column][vc_column width=&#8221;2\/3&#8243;][vc_row_inner][vc_column_inner][vc_column_text css=&#8221;&#8221;] PROGETTO [\/vc_column_text][\/vc_column_inner][\/vc_row_inner][\/vc_column][vc_column width=&#8221;1\/6&#8243;][\/vc_column][\/vc_row][vc_row full_width=&#8221;stretch_row&#8221; full_height=&#8221;yes&#8221; el_id=&#8221;mappa_iniziative&#8221;][vc_column width=&#8221;1\/6&#8243;][\/vc_column][vc_column width=&#8221;2\/3&#8243;][vc_column_text css=&#8221;&#8221;] Ogni anno veder crescere la [&hellip;]\" \/>\n<meta property=\"og:url\" content=\"https:\/\/lenus.site\/mappascuoleaperte\/progetto\/\" \/>\n<meta property=\"og:site_name\" content=\"Scuole Aperte\" \/>\n<meta property=\"article:modified_time\" content=\"2025-10-22T15:59:13+00:00\" \/>\n<meta name=\"twitter:card\" content=\"summary_large_image\" \/>\n<meta name=\"twitter:label1\" content=\"Tempo di lettura stimato\" \/>\n\t<meta name=\"twitter:data1\" content=\"2 minuti\" \/>\n<script type=\"application\/ld+json\" class=\"yoast-schema-graph\">{\"@context\":\"https:\\\/\\\/schema.org\",\"@graph\":[{\"@type\":\"WebPage\",\"@id\":\"https:\\\/\\\/lenus.site\\\/mappascuoleaperte\\\/progetto\\\/\",\"url\":\"https:\\\/\\\/lenus.site\\\/mappascuoleaperte\\\/progetto\\\/\",\"name\":\"Progetto - Scuole Aperte\",\"isPartOf\":{\"@id\":\"https:\\\/\\\/lenus.site\\\/mappascuoleaperte\\\/#website\"},\"datePublished\":\"2025-10-16T09:25:47+00:00\",\"dateModified\":\"2025-10-22T15:59:13+00:00\",\"breadcrumb\":{\"@id\":\"https:\\\/\\\/lenus.site\\\/mappascuoleaperte\\\/progetto\\\/#breadcrumb\"},\"inLanguage\":\"it-IT\",\"potentialAction\":[{\"@type\":\"ReadAction\",\"target\":[\"https:\\\/\\\/lenus.site\\\/mappascuoleaperte\\\/progetto\\\/\"]}]},{\"@type\":\"BreadcrumbList\",\"@id\":\"https:\\\/\\\/lenus.site\\\/mappascuoleaperte\\\/progetto\\\/#breadcrumb\",\"itemListElement\":[{\"@type\":\"ListItem\",\"position\":1,\"name\":\"Home\",\"item\":\"https:\\\/\\\/lenus.site\\\/mappascuoleaperte\\\/\"},{\"@type\":\"ListItem\",\"position\":2,\"name\":\"Progetto\"}]},{\"@type\":\"WebSite\",\"@id\":\"https:\\\/\\\/lenus.site\\\/mappascuoleaperte\\\/#website\",\"url\":\"https:\\\/\\\/lenus.site\\\/mappascuoleaperte\\\/\",\"name\":\"Scuole Aperte\",\"description\":\"\",\"publisher\":{\"@id\":\"https:\\\/\\\/lenus.site\\\/mappascuoleaperte\\\/#organization\"},\"potentialAction\":[{\"@type\":\"SearchAction\",\"target\":{\"@type\":\"EntryPoint\",\"urlTemplate\":\"https:\\\/\\\/lenus.site\\\/mappascuoleaperte\\\/?s={search_term_string}\"},\"query-input\":{\"@type\":\"PropertyValueSpecification\",\"valueRequired\":true,\"valueName\":\"search_term_string\"}}],\"inLanguage\":\"it-IT\"},{\"@type\":\"Organization\",\"@id\":\"https:\\\/\\\/lenus.site\\\/mappascuoleaperte\\\/#organization\",\"name\":\"Scuole Aperte\",\"url\":\"https:\\\/\\\/lenus.site\\\/mappascuoleaperte\\\/\",\"logo\":{\"@type\":\"ImageObject\",\"inLanguage\":\"it-IT\",\"@id\":\"https:\\\/\\\/lenus.site\\\/mappascuoleaperte\\\/#\\\/schema\\\/logo\\\/image\\\/\",\"url\":\"https:\\\/\\\/lenus.site\\\/mappascuoleaperte\\\/wp-content\\\/uploads\\\/sites\\\/178\\\/2026\\\/02\\\/roma_scuola_aperta_logo_bianco.svg\",\"contentUrl\":\"https:\\\/\\\/lenus.site\\\/mappascuoleaperte\\\/wp-content\\\/uploads\\\/sites\\\/178\\\/2026\\\/02\\\/roma_scuola_aperta_logo_bianco.svg\",\"caption\":\"Scuole Aperte\"},\"image\":{\"@id\":\"https:\\\/\\\/lenus.site\\\/mappascuoleaperte\\\/#\\\/schema\\\/logo\\\/image\\\/\"}}]}<\/script>\n<!-- \/ Yoast SEO plugin. -->","yoast_head_json":{"title":"Progetto - Scuole Aperte","robots":{"index":"index","follow":"follow","max-snippet":"max-snippet:-1","max-image-preview":"max-image-preview:large","max-video-preview":"max-video-preview:-1"},"canonical":"https:\/\/lenus.site\/mappascuoleaperte\/progetto\/","og_locale":"it_IT","og_type":"article","og_title":"Progetto - Scuole Aperte","og_description":"[vc_row full_width=&#8221;stretch_row&#8221; el_id=&#8221;introduzione&#8221;][vc_column width=&#8221;1\/6&#8243;][\/vc_column][vc_column width=&#8221;2\/3&#8243;][vc_row_inner][vc_column_inner][vc_column_text css=&#8221;&#8221;] PROGETTO [\/vc_column_text][\/vc_column_inner][\/vc_row_inner][\/vc_column][vc_column width=&#8221;1\/6&#8243;][\/vc_column][\/vc_row][vc_row full_width=&#8221;stretch_row&#8221; full_height=&#8221;yes&#8221; el_id=&#8221;mappa_iniziative&#8221;][vc_column width=&#8221;1\/6&#8243;][\/vc_column][vc_column width=&#8221;2\/3&#8243;][vc_column_text css=&#8221;&#8221;] Ogni anno veder crescere la [&hellip;]","og_url":"https:\/\/lenus.site\/mappascuoleaperte\/progetto\/","og_site_name":"Scuole Aperte","article_modified_time":"2025-10-22T15:59:13+00:00","twitter_card":"summary_large_image","twitter_misc":{"Tempo di lettura stimato":"2 minuti"},"schema":{"@context":"https:\/\/schema.org","@graph":[{"@type":"WebPage","@id":"https:\/\/lenus.site\/mappascuoleaperte\/progetto\/","url":"https:\/\/lenus.site\/mappascuoleaperte\/progetto\/","name":"Progetto - Scuole Aperte","isPartOf":{"@id":"https:\/\/lenus.site\/mappascuoleaperte\/#website"},"datePublished":"2025-10-16T09:25:47+00:00","dateModified":"2025-10-22T15:59:13+00:00","breadcrumb":{"@id":"https:\/\/lenus.site\/mappascuoleaperte\/progetto\/#breadcrumb"},"inLanguage":"it-IT","potentialAction":[{"@type":"ReadAction","target":["https:\/\/lenus.site\/mappascuoleaperte\/progetto\/"]}]},{"@type":"BreadcrumbList","@id":"https:\/\/lenus.site\/mappascuoleaperte\/progetto\/#breadcrumb","itemListElement":[{"@type":"ListItem","position":1,"name":"Home","item":"https:\/\/lenus.site\/mappascuoleaperte\/"},{"@type":"ListItem","position":2,"name":"Progetto"}]},{"@type":"WebSite","@id":"https:\/\/lenus.site\/mappascuoleaperte\/#website","url":"https:\/\/lenus.site\/mappascuoleaperte\/","name":"Scuole Aperte","description":"","publisher":{"@id":"https:\/\/lenus.site\/mappascuoleaperte\/#organization"},"potentialAction":[{"@type":"SearchAction","target":{"@type":"EntryPoint","urlTemplate":"https:\/\/lenus.site\/mappascuoleaperte\/?s={search_term_string}"},"query-input":{"@type":"PropertyValueSpecification","valueRequired":true,"valueName":"search_term_string"}}],"inLanguage":"it-IT"},{"@type":"Organization","@id":"https:\/\/lenus.site\/mappascuoleaperte\/#organization","name":"Scuole Aperte","url":"https:\/\/lenus.site\/mappascuoleaperte\/","logo":{"@type":"ImageObject","inLanguage":"it-IT","@id":"https:\/\/lenus.site\/mappascuoleaperte\/#\/schema\/logo\/image\/","url":"https:\/\/lenus.site\/mappascuoleaperte\/wp-content\/uploads\/sites\/178\/2026\/02\/roma_scuola_aperta_logo_bianco.svg","contentUrl":"https:\/\/lenus.site\/mappascuoleaperte\/wp-content\/uploads\/sites\/178\/2026\/02\/roma_scuola_aperta_logo_bianco.svg","caption":"Scuole Aperte"},"image":{"@id":"https:\/\/lenus.site\/mappascuoleaperte\/#\/schema\/logo\/image\/"}}]}},"_links":{"self":[{"href":"https:\/\/lenus.site\/mappascuoleaperte\/wp-json\/wp\/v2\/pages\/8","targetHints":{"allow":["GET"]}}],"collection":[{"href":"https:\/\/lenus.site\/mappascuoleaperte\/wp-json\/wp\/v2\/pages"}],"about":[{"href":"https:\/\/lenus.site\/mappascuoleaperte\/wp-json\/wp\/v2\/types\/page"}],"author":[{"embeddable":true,"href":"https:\/\/lenus.site\/mappascuoleaperte\/wp-json\/wp\/v2\/users\/1"}],"replies":[{"embeddable":true,"href":"https:\/\/lenus.site\/mappascuoleaperte\/wp-json\/wp\/v2\/comments?post=8"}],"version-history":[{"count":6,"href":"https:\/\/lenus.site\/mappascuoleaperte\/wp-json\/wp\/v2\/pages\/8\/revisions"}],"predecessor-version":[{"id":1737,"href":"https:\/\/lenus.site\/mappascuoleaperte\/wp-json\/wp\/v2\/pages\/8\/revisions\/1737"}],"wp:attachment":[{"href":"https:\/\/lenus.site\/mappascuoleaperte\/wp-json\/wp\/v2\/media?parent=8"}],"curies":[{"name":"wp","href":"https:\/\/api.w.org\/{rel}","templated":true}]}}